{"id":223,"date":"2023-02-13T12:37:31","date_gmt":"2023-02-13T11:37:31","guid":{"rendered":"https:\/\/cabar-elle.com\/?page_id=223"},"modified":"2023-02-13T16:44:10","modified_gmt":"2023-02-13T15:44:10","slug":"telechargez-les-flyers","status":"publish","type":"page","link":"https:\/\/cabar-elle.com\/?page_id=223","title":{"rendered":"T\u00e9l\u00e9chargez les Flyers"},"content":{"rendered":"\n<div data-wp-interactive=\"core\/file\" class=\"wp-block-file\"><object data-wp-bind--hidden=\"!state.hasPdfPreview\" hidden class=\"wp-block-file__embed\" data=\"https:\/\/cabar-elle.com\/wp-content\/uploads\/2023\/02\/Flyer-Roue-de-la-Chanson-2018-.pdf\" type=\"application\/pdf\" style=\"width:100%;height:600px\" aria-label=\"Contenu embarqu\u00e9 Flyer Roue de la Chanson 2018.\"><\/object><a id=\"wp-block-file--media-cd18d1a0-5b69-4f10-847c-a000aeb2cd11\" href=\"https:\/\/cabar-elle.com\/wp-content\/uploads\/2023\/02\/Flyer-Roue-de-la-Chanson-2018-.pdf\">Flyer Roue de la Chanson 2018<\/a><a href=\"https:\/\/cabar-elle.com\/wp-content\/uploads\/2023\/02\/Flyer-Roue-de-la-Chanson-2018-.pdf\" class=\"wp-block-file__button wp-element-button\" download aria-describedby=\"wp-block-file--media-cd18d1a0-5b69-4f10-847c-a000aeb2cd11\">T\u00e9l\u00e9charger<\/a><\/div>\n\n\n\n<div data-wp-interactive=\"core\/file\" class=\"wp-block-file\"><object data-wp-bind--hidden=\"!state.hasPdfPreview\" hidden class=\"wp-block-file__embed\" data=\"https:\/\/cabar-elle.com\/wp-content\/uploads\/2023\/02\/Flyer-Roue-des-Idoles.pdf\" type=\"application\/pdf\" style=\"width:100%;height:600px\" aria-label=\"Contenu embarqu\u00e9 Flyer Roue des Idoles.\"><\/object><a id=\"wp-block-file--media-391e1397-a91e-4c75-94b2-18d7b1493360\" href=\"https:\/\/cabar-elle.com\/wp-content\/uploads\/2023\/02\/Flyer-Roue-des-Idoles.pdf\">Flyer Roue des Idoles<\/a><a href=\"https:\/\/cabar-elle.com\/wp-content\/uploads\/2023\/02\/Flyer-Roue-des-Idoles.pdf\" class=\"wp-block-file__button wp-element-button\" download aria-describedby=\"wp-block-file--media-391e1397-a91e-4c75-94b2-18d7b1493360\">T\u00e9l\u00e9charger<\/a><\/div>\n\n\n\n<div data-wp-interactive=\"core\/file\" class=\"wp-block-file\"><object data-wp-bind--hidden=\"!state.hasPdfPreview\" hidden class=\"wp-block-file__embed\" data=\"https:\/\/cabar-elle.com\/wp-content\/uploads\/2023\/02\/Flyer-ParisTournElle.pdf\" type=\"application\/pdf\" style=\"width:100%;height:600px\" aria-label=\"Contenu embarqu\u00e9 Flyer ParisTourn&apos;Elle.\"><\/object><a id=\"wp-block-file--media-6a535ef1-dbeb-4442-8c8b-213fff52efa1\" href=\"https:\/\/cabar-elle.com\/wp-content\/uploads\/2023\/02\/Flyer-ParisTournElle.pdf\">Flyer ParisTourn&rsquo;Elle<\/a><a href=\"https:\/\/cabar-elle.com\/wp-content\/uploads\/2023\/02\/Flyer-ParisTournElle.pdf\" class=\"wp-block-file__button wp-element-button\" download aria-describedby=\"wp-block-file--media-6a535ef1-dbeb-4442-8c8b-213fff52efa1\">T\u00e9l\u00e9charger<\/a><\/div>\n\n\n\n<div data-wp-interactive=\"core\/file\" class=\"wp-block-file\"><object data-wp-bind--hidden=\"!state.hasPdfPreview\" hidden class=\"wp-block-file__embed\" data=\"https:\/\/cabar-elle.com\/wp-content\/uploads\/2023\/02\/Flyer-Roue-de-lAmour-et-du-Hasard.pdf\" type=\"application\/pdf\" style=\"width:100%;height:600px\" aria-label=\"Contenu embarqu\u00e9 Flyer Roue de l&apos;Amour et du Hasard.\"><\/object><a id=\"wp-block-file--media-ee2ede63-b00d-488e-b3db-e00785a51c2f\" href=\"https:\/\/cabar-elle.com\/wp-content\/uploads\/2023\/02\/Flyer-Roue-de-lAmour-et-du-Hasard.pdf\">Flyer Roue de l&rsquo;Amour et du Hasard<\/a><a href=\"https:\/\/cabar-elle.com\/wp-content\/uploads\/2023\/02\/Flyer-Roue-de-lAmour-et-du-Hasard.pdf\" class=\"wp-block-file__button wp-element-button\" download aria-describedby=\"wp-block-file--media-ee2ede63-b00d-488e-b3db-e00785a51c2f\">T\u00e9l\u00e9charger<\/a><\/div>\n\n\n\n<div data-wp-interactive=\"core\/file\" class=\"wp-block-file\"><object data-wp-bind--hidden=\"!state.hasPdfPreview\" hidden class=\"wp-block-file__embed\" data=\"https:\/\/cabar-elle.com\/wp-content\/uploads\/2023\/02\/Flyer-Generation-80.pdf\" type=\"application\/pdf\" style=\"width:100%;height:600px\" aria-label=\"Contenu embarqu\u00e9 Flyer G\u00e9n\u00e9ration 80.\"><\/object><a id=\"wp-block-file--media-05242022-1a4d-4f50-b938-ae4a105409f4\" href=\"https:\/\/cabar-elle.com\/wp-content\/uploads\/2023\/02\/Flyer-Generation-80.pdf\">Flyer G\u00e9n\u00e9ration 80<\/a><a href=\"https:\/\/cabar-elle.com\/wp-content\/uploads\/2023\/02\/Flyer-Generation-80.pdf\" class=\"wp-block-file__button wp-element-button\" download aria-describedby=\"wp-block-file--media-05242022-1a4d-4f50-b938-ae4a105409f4\">T\u00e9l\u00e9charger<\/a><\/div>\n\n\n\n<div data-wp-interactive=\"core\/file\" class=\"wp-block-file\"><object data-wp-bind--hidden=\"!state.hasPdfPreview\" hidden class=\"wp-block-file__embed\" data=\"https:\/\/cabar-elle.com\/wp-content\/uploads\/2023\/02\/Flyer-La-Roue-Enchantee.pdf\" type=\"application\/pdf\" style=\"width:100%;height:600px\" aria-label=\"Contenu embarqu\u00e9 Flyer La Roue Enchant\u00e9e.\"><\/object><a id=\"wp-block-file--media-37f30c7d-c421-401f-af21-dabc7d37c3be\" href=\"https:\/\/cabar-elle.com\/wp-content\/uploads\/2023\/02\/Flyer-La-Roue-Enchantee.pdf\">Flyer La Roue Enchant\u00e9e<\/a><a href=\"https:\/\/cabar-elle.com\/wp-content\/uploads\/2023\/02\/Flyer-La-Roue-Enchantee.pdf\" class=\"wp-block-file__button wp-element-button\" download aria-describedby=\"wp-block-file--media-37f30c7d-c421-401f-af21-dabc7d37c3be\">T\u00e9l\u00e9charger<\/a><\/div>\n","protected":false},"excerpt":{"rendered":"","protected":false},"author":2,"featured_media":0,"parent":0,"menu_order":0,"comment_status":"closed","ping_status":"closed","template":"","meta":{"footnotes":""},"class_list":["post-223","page","type-page","status-publish","hentry"],"_links":{"self":[{"href":"https:\/\/cabar-elle.com\/index.php?rest_route=\/wp\/v2\/pages\/223","targetHints":{"allow":["GET"]}}],"collection":[{"href":"https:\/\/cabar-elle.com\/index.php?rest_route=\/wp\/v2\/pages"}],"about":[{"href":"https:\/\/cabar-elle.com\/index.php?rest_route=\/wp\/v2\/types\/page"}],"author":[{"embeddable":true,"href":"https:\/\/cabar-elle.com\/index.php?rest_route=\/wp\/v2\/users\/2"}],"replies":[{"embeddable":true,"href":"https:\/\/cabar-elle.com\/index.php?rest_route=%2Fwp%2Fv2%2Fcomments&post=223"}],"version-history":[{"count":2,"href":"https:\/\/cabar-elle.com\/index.php?rest_route=\/wp\/v2\/pages\/223\/revisions"}],"predecessor-version":[{"id":320,"href":"https:\/\/cabar-elle.com\/index.php?rest_route=\/wp\/v2\/pages\/223\/revisions\/320"}],"wp:attachment":[{"href":"https:\/\/cabar-elle.com\/index.php?rest_route=%2Fwp%2Fv2%2Fmedia&parent=223"}],"curies":[{"name":"wp","href":"https:\/\/api.w.org\/{rel}","templated":true}]}}